{"id":186,"date":"2020-11-20T15:25:19","date_gmt":"2020-11-20T14:25:19","guid":{"rendered":"http:\/\/lacollette.fr\/?page_id=186"},"modified":"2020-11-27T15:25:57","modified_gmt":"2020-11-27T14:25:57","slug":"la-maison","status":"publish","type":"page","link":"https:\/\/lacollette.fr\/?page_id=186","title":{"rendered":"Les pi\u00e8ces \u00e0 vivre"},"content":{"rendered":"\n<p class=\"has-text-align-center\">La partie pi\u00e8ces \u00e0 vivre est compos\u00e9e d\u2019une cuisine enti\u00e8rement \u00e9quip\u00e9e, d\u2019une salle \u00e0 manger, d\u2019un grand s\u00e9jour donnant sur une terrasse avec vue panoramique ainsi que d\u2019une cuisine d\u2019\u00e9t\u00e9. La maison peut accueillir jusqu\u2019\u00e0 10 personnes.<\/p>\n\n\n\n<p><\/p>\n\n\n\n<figure class=\"wp-block-gallery columns-2 is-cropped\"><ul class=\"blocks-gallery-grid\"><li class=\"blocks-gallery-item\"><figure><img loading=\"lazy\" width=\"1024\" height=\"768\" src=\"http:\/\/lacollette.fr\/wp-content\/uploads\/2020\/11\/Entree-1024x768.jpg\" alt=\"\" data-id=\"206\" data-full-url=\"http:\/\/lacollette.fr\/wp-content\/uploads\/2020\/11\/Entree-scaled.jpg\" data-link=\"http:\/\/lacollette.fr\/?attachment_id=206\" class=\"wp-image-206\" srcset=\"https:\/\/lacollette.fr\/wp-content\/uploads\/2020\/11\/Entree-1024x768.jpg 1024w, https:\/\/lacollette.fr\/wp-content\/uploads\/2020\/11\/Entree-300x225.jpg 300w, https:\/\/lacollette.fr\/wp-content\/uploads\/2020\/11\/Entree-768x576.jpg 768w, https:\/\/lacollette.fr\/wp-content\/uploads\/2020\/11\/Entree-1536x1152.jpg 1536w, https:\/\/lacollette.fr\/wp-content\/uploads\/2020\/11\/Entree-2048x1536.jpg 2048w, https:\/\/lacollette.fr\/wp-content\/uploads\/2020\/11\/Entree-892x669.jpg 892w\" sizes=\"(max-width: 1024px) 100vw, 1024px\" \/><figcaption class=\"blocks-gallery-item__caption\">Entr\u00e9e<\/figcaption><\/figure><\/li><li class=\"blocks-gallery-item\"><figure><img loading=\"lazy\" width=\"1024\" height=\"768\" src=\"http:\/\/lacollette.fr\/wp-content\/uploads\/2020\/11\/SAM3-copie-1024x768.jpg\" alt=\"\" data-id=\"215\" data-full-url=\"http:\/\/lacollette.fr\/wp-content\/uploads\/2020\/11\/SAM3-copie-scaled.jpg\" data-link=\"http:\/\/lacollette.fr\/?attachment_id=215\" class=\"wp-image-215\" srcset=\"https:\/\/lacollette.fr\/wp-content\/uploads\/2020\/11\/SAM3-copie-1024x768.jpg 1024w, https:\/\/lacollette.fr\/wp-content\/uploads\/2020\/11\/SAM3-copie-300x225.jpg 300w, https:\/\/lacollette.fr\/wp-content\/uploads\/2020\/11\/SAM3-copie-768x576.jpg 768w, https:\/\/lacollette.fr\/wp-content\/uploads\/2020\/11\/SAM3-copie-1536x1152.jpg 1536w, https:\/\/lacollette.fr\/wp-content\/uploads\/2020\/11\/SAM3-copie-2048x1536.jpg 2048w, https:\/\/lacollette.fr\/wp-content\/uploads\/2020\/11\/SAM3-copie-892x669.jpg 892w\" sizes=\"(max-width: 1024px) 100vw, 1024px\" \/><figcaption class=\"blocks-gallery-item__caption\">Salle \u00e0 manger<\/figcaption><\/figure><\/li><li class=\"blocks-gallery-item\"><figure><img loading=\"lazy\" width=\"768\" height=\"1024\" src=\"http:\/\/lacollette.fr\/wp-content\/uploads\/2020\/11\/IMG_2307-1-768x1024.jpg\" alt=\"\" data-id=\"222\" data-full-url=\"http:\/\/lacollette.fr\/wp-content\/uploads\/2020\/11\/IMG_2307-1-scaled.jpg\" data-link=\"http:\/\/lacollette.fr\/?attachment_id=222\" class=\"wp-image-222\" srcset=\"https:\/\/lacollette.fr\/wp-content\/uploads\/2020\/11\/IMG_2307-1-768x1024.jpg 768w, https:\/\/lacollette.fr\/wp-content\/uploads\/2020\/11\/IMG_2307-1-225x300.jpg 225w, https:\/\/lacollette.fr\/wp-content\/uploads\/2020\/11\/IMG_2307-1-1152x1536.jpg 1152w, https:\/\/lacollette.fr\/wp-content\/uploads\/2020\/11\/IMG_2307-1-1536x2048.jpg 1536w, https:\/\/lacollette.fr\/wp-content\/uploads\/2020\/11\/IMG_2307-1-892x1189.jpg 892w, https:\/\/lacollette.fr\/wp-content\/uploads\/2020\/11\/IMG_2307-1-scaled.jpg 1920w\" sizes=\"(max-width: 768px) 100vw, 768px\" \/><figcaption class=\"blocks-gallery-item__caption\">Cuisine<\/figcaption><\/figure><\/li><li class=\"blocks-gallery-item\"><figure><img loading=\"lazy\" width=\"1024\" height=\"768\" src=\"http:\/\/lacollette.fr\/wp-content\/uploads\/2020\/11\/IMG_2306-1-1024x768.jpg\" alt=\"\" data-id=\"221\" data-full-url=\"http:\/\/lacollette.fr\/wp-content\/uploads\/2020\/11\/IMG_2306-1-scaled.jpg\" data-link=\"http:\/\/lacollette.fr\/?attachment_id=221\" class=\"wp-image-221\" srcset=\"https:\/\/lacollette.fr\/wp-content\/uploads\/2020\/11\/IMG_2306-1-1024x768.jpg 1024w, https:\/\/lacollette.fr\/wp-content\/uploads\/2020\/11\/IMG_2306-1-300x225.jpg 300w, https:\/\/lacollette.fr\/wp-content\/uploads\/2020\/11\/IMG_2306-1-768x576.jpg 768w, https:\/\/lacollette.fr\/wp-content\/uploads\/2020\/11\/IMG_2306-1-1536x1152.jpg 1536w, https:\/\/lacollette.fr\/wp-content\/uploads\/2020\/11\/IMG_2306-1-2048x1536.jpg 2048w, https:\/\/lacollette.fr\/wp-content\/uploads\/2020\/11\/IMG_2306-1-892x669.jpg 892w\" sizes=\"(max-width: 1024px) 100vw, 1024px\" \/><figcaption class=\"blocks-gallery-item__caption\">Cuisine<\/figcaption><\/figure><\/li><li class=\"blocks-gallery-item\"><figure><img loading=\"lazy\" width=\"768\" height=\"1024\" src=\"http:\/\/lacollette.fr\/wp-content\/uploads\/2020\/11\/IMG_2305-1-768x1024.jpg\" alt=\"\" data-id=\"220\" data-full-url=\"http:\/\/lacollette.fr\/wp-content\/uploads\/2020\/11\/IMG_2305-1-scaled.jpg\" data-link=\"http:\/\/lacollette.fr\/?attachment_id=220\" class=\"wp-image-220\" srcset=\"https:\/\/lacollette.fr\/wp-content\/uploads\/2020\/11\/IMG_2305-1-768x1024.jpg 768w, https:\/\/lacollette.fr\/wp-content\/uploads\/2020\/11\/IMG_2305-1-225x300.jpg 225w, https:\/\/lacollette.fr\/wp-content\/uploads\/2020\/11\/IMG_2305-1-1152x1536.jpg 1152w, https:\/\/lacollette.fr\/wp-content\/uploads\/2020\/11\/IMG_2305-1-1536x2048.jpg 1536w, https:\/\/lacollette.fr\/wp-content\/uploads\/2020\/11\/IMG_2305-1-892x1189.jpg 892w, https:\/\/lacollette.fr\/wp-content\/uploads\/2020\/11\/IMG_2305-1-scaled.jpg 1920w\" sizes=\"(max-width: 768px) 100vw, 768px\" \/><figcaption class=\"blocks-gallery-item__caption\">Cuisine<\/figcaption><\/figure><\/li><li class=\"blocks-gallery-item\"><figure><img loading=\"lazy\" width=\"1024\" height=\"768\" src=\"http:\/\/lacollette.fr\/wp-content\/uploads\/2020\/11\/IMG_2304-1-1024x768.jpg\" alt=\"\" data-id=\"219\" data-full-url=\"http:\/\/lacollette.fr\/wp-content\/uploads\/2020\/11\/IMG_2304-1-scaled.jpg\" data-link=\"http:\/\/lacollette.fr\/?attachment_id=219\" class=\"wp-image-219\" srcset=\"https:\/\/lacollette.fr\/wp-content\/uploads\/2020\/11\/IMG_2304-1-1024x768.jpg 1024w, https:\/\/lacollette.fr\/wp-content\/uploads\/2020\/11\/IMG_2304-1-300x225.jpg 300w, https:\/\/lacollette.fr\/wp-content\/uploads\/2020\/11\/IMG_2304-1-768x576.jpg 768w, https:\/\/lacollette.fr\/wp-content\/uploads\/2020\/11\/IMG_2304-1-1536x1152.jpg 1536w, https:\/\/lacollette.fr\/wp-content\/uploads\/2020\/11\/IMG_2304-1-2048x1536.jpg 2048w, https:\/\/lacollette.fr\/wp-content\/uploads\/2020\/11\/IMG_2304-1-892x669.jpg 892w\" sizes=\"(max-width: 1024px) 100vw, 1024px\" \/><figcaption class=\"blocks-gallery-item__caption\">Cuisine d&rsquo;\u00e9t\u00e9<\/figcaption><\/figure><\/li><li class=\"blocks-gallery-item\"><figure><img loading=\"lazy\" width=\"1024\" height=\"768\" src=\"http:\/\/lacollette.fr\/wp-content\/uploads\/2020\/11\/IMG_2302-1-1024x768.jpg\" alt=\"\" data-id=\"217\" data-full-url=\"http:\/\/lacollette.fr\/wp-content\/uploads\/2020\/11\/IMG_2302-1-scaled.jpg\" data-link=\"http:\/\/lacollette.fr\/?attachment_id=217\" class=\"wp-image-217\" srcset=\"https:\/\/lacollette.fr\/wp-content\/uploads\/2020\/11\/IMG_2302-1-1024x768.jpg 1024w, https:\/\/lacollette.fr\/wp-content\/uploads\/2020\/11\/IMG_2302-1-300x225.jpg 300w, https:\/\/lacollette.fr\/wp-content\/uploads\/2020\/11\/IMG_2302-1-768x576.jpg 768w, https:\/\/lacollette.fr\/wp-content\/uploads\/2020\/11\/IMG_2302-1-1536x1152.jpg 1536w, https:\/\/lacollette.fr\/wp-content\/uploads\/2020\/11\/IMG_2302-1-2048x1536.jpg 2048w, https:\/\/lacollette.fr\/wp-content\/uploads\/2020\/11\/IMG_2302-1-892x669.jpg 892w\" sizes=\"(max-width: 1024px) 100vw, 1024px\" \/><figcaption class=\"blocks-gallery-item__caption\">Cuisine d&rsquo;\u00e9t\u00e9<\/figcaption><\/figure><\/li><li class=\"blocks-gallery-item\"><figure><img loading=\"lazy\" width=\"1024\" height=\"768\" src=\"http:\/\/lacollette.fr\/wp-content\/uploads\/2020\/11\/IMG_2303-1-1024x768.jpg\" alt=\"\" data-id=\"218\" data-full-url=\"http:\/\/lacollette.fr\/wp-content\/uploads\/2020\/11\/IMG_2303-1-scaled.jpg\" data-link=\"http:\/\/lacollette.fr\/?attachment_id=218\" class=\"wp-image-218\" srcset=\"https:\/\/lacollette.fr\/wp-content\/uploads\/2020\/11\/IMG_2303-1-1024x768.jpg 1024w, https:\/\/lacollette.fr\/wp-content\/uploads\/2020\/11\/IMG_2303-1-300x225.jpg 300w, https:\/\/lacollette.fr\/wp-content\/uploads\/2020\/11\/IMG_2303-1-768x576.jpg 768w, https:\/\/lacollette.fr\/wp-content\/uploads\/2020\/11\/IMG_2303-1-1536x1152.jpg 1536w, https:\/\/lacollette.fr\/wp-content\/uploads\/2020\/11\/IMG_2303-1-2048x1536.jpg 2048w, https:\/\/lacollette.fr\/wp-content\/uploads\/2020\/11\/IMG_2303-1-892x669.jpg 892w\" sizes=\"(max-width: 1024px) 100vw, 1024px\" \/><figcaption class=\"blocks-gallery-item__caption\">Cuisine d&rsquo;\u00e9t\u00e9<\/figcaption><\/figure><\/li><li class=\"blocks-gallery-item\"><figure><img loading=\"lazy\" width=\"1024\" height=\"768\" src=\"http:\/\/lacollette.fr\/wp-content\/uploads\/2020\/11\/Salon-2-1-1024x768.jpg\" alt=\"\" data-id=\"224\" data-full-url=\"http:\/\/lacollette.fr\/wp-content\/uploads\/2020\/11\/Salon-2-1-scaled.jpg\" data-link=\"http:\/\/lacollette.fr\/?attachment_id=224\" class=\"wp-image-224\" srcset=\"https:\/\/lacollette.fr\/wp-content\/uploads\/2020\/11\/Salon-2-1-1024x768.jpg 1024w, https:\/\/lacollette.fr\/wp-content\/uploads\/2020\/11\/Salon-2-1-300x225.jpg 300w, https:\/\/lacollette.fr\/wp-content\/uploads\/2020\/11\/Salon-2-1-768x576.jpg 768w, https:\/\/lacollette.fr\/wp-content\/uploads\/2020\/11\/Salon-2-1-1536x1152.jpg 1536w, https:\/\/lacollette.fr\/wp-content\/uploads\/2020\/11\/Salon-2-1-2048x1536.jpg 2048w, https:\/\/lacollette.fr\/wp-content\/uploads\/2020\/11\/Salon-2-1-892x669.jpg 892w\" sizes=\"(max-width: 1024px) 100vw, 1024px\" \/><figcaption class=\"blocks-gallery-item__caption\">Salon<\/figcaption><\/figure><\/li><li class=\"blocks-gallery-item\"><figure><img loading=\"lazy\" width=\"1024\" height=\"768\" src=\"http:\/\/lacollette.fr\/wp-content\/uploads\/2020\/11\/Salon-1-1024x768.jpg\" alt=\"\" data-id=\"209\" data-full-url=\"http:\/\/lacollette.fr\/wp-content\/uploads\/2020\/11\/Salon-1-scaled.jpg\" data-link=\"http:\/\/lacollette.fr\/?attachment_id=209\" class=\"wp-image-209\" srcset=\"https:\/\/lacollette.fr\/wp-content\/uploads\/2020\/11\/Salon-1-1024x768.jpg 1024w, https:\/\/lacollette.fr\/wp-content\/uploads\/2020\/11\/Salon-1-300x225.jpg 300w, https:\/\/lacollette.fr\/wp-content\/uploads\/2020\/11\/Salon-1-768x576.jpg 768w, https:\/\/lacollette.fr\/wp-content\/uploads\/2020\/11\/Salon-1-1536x1152.jpg 1536w, https:\/\/lacollette.fr\/wp-content\/uploads\/2020\/11\/Salon-1-2048x1536.jpg 2048w, https:\/\/lacollette.fr\/wp-content\/uploads\/2020\/11\/Salon-1-892x669.jpg 892w\" sizes=\"(max-width: 1024px) 100vw, 1024px\" \/><figcaption class=\"blocks-gallery-item__caption\">Salon<\/figcaption><\/figure><\/li><li class=\"blocks-gallery-item\"><figure><img loading=\"lazy\" width=\"1024\" height=\"768\" src=\"http:\/\/lacollette.fr\/wp-content\/uploads\/2020\/11\/Salon-4-1024x768.jpg\" alt=\"\" data-id=\"213\" data-full-url=\"http:\/\/lacollette.fr\/wp-content\/uploads\/2020\/11\/Salon-4-scaled.jpg\" data-link=\"http:\/\/lacollette.fr\/?attachment_id=213\" class=\"wp-image-213\" srcset=\"https:\/\/lacollette.fr\/wp-content\/uploads\/2020\/11\/Salon-4-1024x768.jpg 1024w, https:\/\/lacollette.fr\/wp-content\/uploads\/2020\/11\/Salon-4-300x225.jpg 300w, https:\/\/lacollette.fr\/wp-content\/uploads\/2020\/11\/Salon-4-768x576.jpg 768w, https:\/\/lacollette.fr\/wp-content\/uploads\/2020\/11\/Salon-4-1536x1152.jpg 1536w, https:\/\/lacollette.fr\/wp-content\/uploads\/2020\/11\/Salon-4-2048x1536.jpg 2048w, https:\/\/lacollette.fr\/wp-content\/uploads\/2020\/11\/Salon-4-892x669.jpg 892w\" sizes=\"(max-width: 1024px) 100vw, 1024px\" \/><figcaption class=\"blocks-gallery-item__caption\">Coin bureau<\/figcaption><\/figure><\/li><\/ul><\/figure>\n","protected":false},"excerpt":{"rendered":"<p>La partie pi\u00e8ces \u00e0 vivre est compos\u00e9e d\u2019une cuisine enti\u00e8rement \u00e9quip\u00e9e, d\u2019une salle \u00e0 manger, d\u2019un grand s\u00e9jour donnant sur une terrasse avec vue panoramique ainsi que d\u2019une cuisine d\u2019\u00e9t\u00e9. La maison peut accueillir jusqu\u2019\u00e0 10 personnes.<\/p>\n","protected":false},"author":1,"featured_media":0,"parent":0,"menu_order":0,"comment_status":"closed","ping_status":"closed","template":"","meta":[],"_links":{"self":[{"href":"https:\/\/lacollette.fr\/index.php?rest_route=\/wp\/v2\/pages\/186"}],"collection":[{"href":"https:\/\/lacollette.fr\/index.php?rest_route=\/wp\/v2\/pages"}],"about":[{"href":"https:\/\/lacollette.fr\/index.php?rest_route=\/wp\/v2\/types\/page"}],"author":[{"embeddable":true,"href":"https:\/\/lacollette.fr\/index.php?rest_route=\/wp\/v2\/users\/1"}],"replies":[{"embeddable":true,"href":"https:\/\/lacollette.fr\/index.php?rest_route=%2Fwp%2Fv2%2Fcomments&post=186"}],"version-history":[{"count":3,"href":"https:\/\/lacollette.fr\/index.php?rest_route=\/wp\/v2\/pages\/186\/revisions"}],"predecessor-version":[{"id":249,"href":"https:\/\/lacollette.fr\/index.php?rest_route=\/wp\/v2\/pages\/186\/revisions\/249"}],"wp:attachment":[{"href":"https:\/\/lacollette.fr\/index.php?rest_route=%2Fwp%2Fv2%2Fmedia&parent=186"}],"curies":[{"name":"wp","href":"https:\/\/api.w.org\/{rel}","templated":true}]}}