{"id":177,"date":"2020-11-18T17:02:44","date_gmt":"2020-11-18T16:02:44","guid":{"rendered":"http:\/\/lacollette.fr\/?page_id=177"},"modified":"2020-11-27T15:23:02","modified_gmt":"2020-11-27T14:23:02","slug":"services-equipements","status":"publish","type":"page","link":"https:\/\/lacollette.fr\/?page_id=177","title":{"rendered":"Services &#038; Equipements"},"content":{"rendered":"\n<p><strong><span style=\"text-decoration: underline;\">Les Services<\/span><\/strong><\/p>\n\n\n\n<div class=\"wp-block-columns\">\n<div class=\"wp-block-column\">\n<ul><li>Internet<\/li><li>Parking<\/li><li>Climatisation<\/li><li>Terrain de p\u00e9tanque<\/li><\/ul>\n\n\n\n<p><\/p>\n<\/div>\n\n\n\n<div class=\"wp-block-column\">\n<ul><li>Animaux de compagnie sur demande lors de la r\u00e9servation<\/li><li>Non-fumeur \u00e0 l&rsquo;int\u00e9rieur<\/li><li>M\u00e9nage une fois par semaine (ou plus sur demande)<\/li><\/ul>\n\n\n\n<p><\/p>\n<\/div>\n<\/div>\n\n\n\n<p><strong><span style=\"text-decoration: underline;\">Les Equipements<\/span><\/strong><\/p>\n\n\n\n<div class=\"wp-block-columns\">\n<div class=\"wp-block-column\">\n<p><strong>Dans la Maison<\/strong><\/p>\n\n\n\n<ul><li>Internet<\/li><li>T\u00e9l\u00e9vision (x6)<\/li><li>Ordinateur et Imprimante<\/li><li>T\u00e9l\u00e9phone fixe<\/li><li>Machine \u00e0 laver<\/li><li>Barbecue \u00e0 gaz<\/li><\/ul>\n<\/div>\n\n\n\n<div class=\"wp-block-column\">\n<p><strong>Dans la Cuisine<\/strong><\/p>\n\n\n\n<ul><li>Machine \u00e0 caf\u00e9 Nespresso<\/li><li>Bouilloire \u00e9lectrique<\/li><li>Four \u00e0 micro-ondes<\/li><li>Grille-pain<\/li><li>Plaques de cuisson (gaz et \u00e9lectriques)<\/li><li>Lave-Vaisselle (x2)<\/li><\/ul>\n<\/div>\n\n\n\n<div class=\"wp-block-column\">\n<p><strong>Dans les Chambres et SdB<\/strong><\/p>\n\n\n\n<ul><li>T\u00e9l\u00e9vision<\/li><li>Linge de lit<\/li><li>Draps de bain<\/li><li>S\u00e8che-Cheveux<\/li><\/ul>\n<\/div>\n<\/div>\n","protected":false},"excerpt":{"rendered":"<p>Les Services Internet Parking Climatisation Terrain de p\u00e9tanque Animaux de compagnie sur demande lors de la r\u00e9servation Non-fumeur \u00e0 l&rsquo;int\u00e9rieur M\u00e9nage une fois par semaine (ou plus sur demande) Les Equipements Dans la Maison Internet T\u00e9l\u00e9vision (x6) Ordinateur et Imprimante T\u00e9l\u00e9phone fixe Machine \u00e0 laver Barbecue \u00e0 gaz Dans la Cuisine Machine \u00e0 caf\u00e9 Nespresso [&hellip;]<\/p>\n","protected":false},"author":1,"featured_media":0,"parent":0,"menu_order":0,"comment_status":"closed","ping_status":"closed","template":"","meta":[],"_links":{"self":[{"href":"https:\/\/lacollette.fr\/index.php?rest_route=\/wp\/v2\/pages\/177"}],"collection":[{"href":"https:\/\/lacollette.fr\/index.php?rest_route=\/wp\/v2\/pages"}],"about":[{"href":"https:\/\/lacollette.fr\/index.php?rest_route=\/wp\/v2\/types\/page"}],"author":[{"embeddable":true,"href":"https:\/\/lacollette.fr\/index.php?rest_route=\/wp\/v2\/users\/1"}],"replies":[{"embeddable":true,"href":"https:\/\/lacollette.fr\/index.php?rest_route=%2Fwp%2Fv2%2Fcomments&post=177"}],"version-history":[{"count":3,"href":"https:\/\/lacollette.fr\/index.php?rest_route=\/wp\/v2\/pages\/177\/revisions"}],"predecessor-version":[{"id":247,"href":"https:\/\/lacollette.fr\/index.php?rest_route=\/wp\/v2\/pages\/177\/revisions\/247"}],"wp:attachment":[{"href":"https:\/\/lacollette.fr\/index.php?rest_route=%2Fwp%2Fv2%2Fmedia&parent=177"}],"curies":[{"name":"wp","href":"https:\/\/api.w.org\/{rel}","templated":true}]}}