{"id":170,"date":"2020-11-18T16:46:36","date_gmt":"2020-11-18T15:46:36","guid":{"rendered":"http:\/\/lacollette.fr\/?page_id=170"},"modified":"2020-11-27T15:27:19","modified_gmt":"2020-11-27T14:27:19","slug":"les-exterieurs","status":"publish","type":"page","link":"https:\/\/lacollette.fr\/?page_id=170","title":{"rendered":"Les ext\u00e9rieurs"},"content":{"rendered":"\n<p class=\"has-text-align-center\">La propri\u00e9t\u00e9 d\u2019une surface de l\u2019ordre de 8&nbsp;000 m\u00b2 offre de grands espaces pour se promener. Elle est enti\u00e8rement paysag\u00e9e, plus de 50 oliviers am\u00e8nent la touche Provence&nbsp;! Elle comporte une piscine principale chauff\u00e9e de 12,5&#215;4 m, id\u00e9ale pour nager, avec son pool-house \u00e9quip\u00e9 et un bassin plus petit de 4&#215;4 m, chauff\u00e9 lui aussi. Un terrain de p\u00e9tanque vous attend pour des parties inoubliables. Un ensemble de terrasses permet de profiter de la vue extraordinaire du site. &nbsp;&nbsp;<\/p>\n\n\n\n<p><\/p>\n\n\n\n<figure class=\"wp-block-gallery columns-2 is-cropped\"><ul class=\"blocks-gallery-grid\"><li class=\"blocks-gallery-item\"><figure><img loading=\"lazy\" width=\"1800\" height=\"1048\" src=\"http:\/\/lacollette.fr\/wp-content\/uploads\/2020\/11\/Maison-ext.jpg\" alt=\"\" data-id=\"208\" data-full-url=\"http:\/\/lacollette.fr\/wp-content\/uploads\/2020\/11\/Maison-ext.jpg\" data-link=\"http:\/\/lacollette.fr\/?attachment_id=208\" class=\"wp-image-208\" srcset=\"https:\/\/lacollette.fr\/wp-content\/uploads\/2020\/11\/Maison-ext.jpg 1800w, https:\/\/lacollette.fr\/wp-content\/uploads\/2020\/11\/Maison-ext-300x175.jpg 300w, https:\/\/lacollette.fr\/wp-content\/uploads\/2020\/11\/Maison-ext-1024x596.jpg 1024w, https:\/\/lacollette.fr\/wp-content\/uploads\/2020\/11\/Maison-ext-768x447.jpg 768w, https:\/\/lacollette.fr\/wp-content\/uploads\/2020\/11\/Maison-ext-1536x894.jpg 1536w, https:\/\/lacollette.fr\/wp-content\/uploads\/2020\/11\/Maison-ext-892x519.jpg 892w\" sizes=\"(max-width: 1800px) 100vw, 1800px\" \/><figcaption class=\"blocks-gallery-item__caption\">Vue ext\u00e9rieure<\/figcaption><\/figure><\/li><li class=\"blocks-gallery-item\"><figure><img loading=\"lazy\" width=\"2560\" height=\"1372\" src=\"http:\/\/lacollette.fr\/wp-content\/uploads\/2020\/11\/Vue-scaled.jpg\" alt=\"\" data-id=\"191\" data-full-url=\"http:\/\/lacollette.fr\/wp-content\/uploads\/2020\/11\/Vue-scaled.jpg\" data-link=\"http:\/\/lacollette.fr\/?attachment_id=191\" class=\"wp-image-191\" srcset=\"https:\/\/lacollette.fr\/wp-content\/uploads\/2020\/11\/Vue-scaled.jpg 2560w, https:\/\/lacollette.fr\/wp-content\/uploads\/2020\/11\/Vue-300x161.jpg 300w, https:\/\/lacollette.fr\/wp-content\/uploads\/2020\/11\/Vue-1024x549.jpg 1024w, https:\/\/lacollette.fr\/wp-content\/uploads\/2020\/11\/Vue-768x412.jpg 768w, https:\/\/lacollette.fr\/wp-content\/uploads\/2020\/11\/Vue-1536x823.jpg 1536w, https:\/\/lacollette.fr\/wp-content\/uploads\/2020\/11\/Vue-2048x1098.jpg 2048w, https:\/\/lacollette.fr\/wp-content\/uploads\/2020\/11\/Vue-892x478.jpg 892w\" sizes=\"(max-width: 2560px) 100vw, 2560px\" \/><figcaption class=\"blocks-gallery-item__caption\">Vue de la terrasse <\/figcaption><\/figure><\/li><li class=\"blocks-gallery-item\"><figure><img loading=\"lazy\" width=\"2560\" height=\"1620\" src=\"http:\/\/lacollette.fr\/wp-content\/uploads\/2020\/11\/Maison-extA-scaled.jpg\" alt=\"\" data-id=\"210\" data-full-url=\"http:\/\/lacollette.fr\/wp-content\/uploads\/2020\/11\/Maison-extA-scaled.jpg\" data-link=\"http:\/\/lacollette.fr\/?attachment_id=210\" class=\"wp-image-210\" srcset=\"https:\/\/lacollette.fr\/wp-content\/uploads\/2020\/11\/Maison-extA-scaled.jpg 2560w, https:\/\/lacollette.fr\/wp-content\/uploads\/2020\/11\/Maison-extA-300x190.jpg 300w, https:\/\/lacollette.fr\/wp-content\/uploads\/2020\/11\/Maison-extA-1024x648.jpg 1024w, https:\/\/lacollette.fr\/wp-content\/uploads\/2020\/11\/Maison-extA-768x486.jpg 768w, https:\/\/lacollette.fr\/wp-content\/uploads\/2020\/11\/Maison-extA-1536x972.jpg 1536w, https:\/\/lacollette.fr\/wp-content\/uploads\/2020\/11\/Maison-extA-2048x1296.jpg 2048w, https:\/\/lacollette.fr\/wp-content\/uploads\/2020\/11\/Maison-extA-892x565.jpg 892w\" sizes=\"(max-width: 2560px) 100vw, 2560px\" \/><figcaption class=\"blocks-gallery-item__caption\">Vue panoramique de la maison<\/figcaption><\/figure><\/li><li class=\"blocks-gallery-item\"><figure><img loading=\"lazy\" width=\"2560\" height=\"1920\" src=\"http:\/\/lacollette.fr\/wp-content\/uploads\/2020\/11\/Grande-piscince-scaled.jpg\" alt=\"\" data-id=\"203\" data-full-url=\"http:\/\/lacollette.fr\/wp-content\/uploads\/2020\/11\/Grande-piscince-scaled.jpg\" data-link=\"http:\/\/lacollette.fr\/?attachment_id=203\" class=\"wp-image-203\" srcset=\"https:\/\/lacollette.fr\/wp-content\/uploads\/2020\/11\/Grande-piscince-scaled.jpg 2560w, https:\/\/lacollette.fr\/wp-content\/uploads\/2020\/11\/Grande-piscince-300x225.jpg 300w, https:\/\/lacollette.fr\/wp-content\/uploads\/2020\/11\/Grande-piscince-1024x768.jpg 1024w, https:\/\/lacollette.fr\/wp-content\/uploads\/2020\/11\/Grande-piscince-768x576.jpg 768w, https:\/\/lacollette.fr\/wp-content\/uploads\/2020\/11\/Grande-piscince-1536x1152.jpg 1536w, https:\/\/lacollette.fr\/wp-content\/uploads\/2020\/11\/Grande-piscince-2048x1536.jpg 2048w, https:\/\/lacollette.fr\/wp-content\/uploads\/2020\/11\/Grande-piscince-892x669.jpg 892w\" sizes=\"(max-width: 2560px) 100vw, 2560px\" \/><figcaption class=\"blocks-gallery-item__caption\">Piscine<\/figcaption><\/figure><\/li><li class=\"blocks-gallery-item\"><figure><img loading=\"lazy\" width=\"2560\" height=\"1920\" src=\"http:\/\/lacollette.fr\/wp-content\/uploads\/2020\/11\/Grande-Pscine-3-scaled.jpg\" alt=\"\" data-id=\"205\" data-full-url=\"http:\/\/lacollette.fr\/wp-content\/uploads\/2020\/11\/Grande-Pscine-3-scaled.jpg\" data-link=\"http:\/\/lacollette.fr\/?attachment_id=205\" class=\"wp-image-205\" srcset=\"https:\/\/lacollette.fr\/wp-content\/uploads\/2020\/11\/Grande-Pscine-3-scaled.jpg 2560w, https:\/\/lacollette.fr\/wp-content\/uploads\/2020\/11\/Grande-Pscine-3-300x225.jpg 300w, https:\/\/lacollette.fr\/wp-content\/uploads\/2020\/11\/Grande-Pscine-3-1024x768.jpg 1024w, https:\/\/lacollette.fr\/wp-content\/uploads\/2020\/11\/Grande-Pscine-3-768x576.jpg 768w, https:\/\/lacollette.fr\/wp-content\/uploads\/2020\/11\/Grande-Pscine-3-1536x1152.jpg 1536w, https:\/\/lacollette.fr\/wp-content\/uploads\/2020\/11\/Grande-Pscine-3-2048x1536.jpg 2048w, https:\/\/lacollette.fr\/wp-content\/uploads\/2020\/11\/Grande-Pscine-3-892x669.jpg 892w\" sizes=\"(max-width: 2560px) 100vw, 2560px\" \/><figcaption class=\"blocks-gallery-item__caption\">Piscine et Pool House<\/figcaption><\/figure><\/li><li class=\"blocks-gallery-item\"><figure><img loading=\"lazy\" width=\"2560\" height=\"1920\" src=\"http:\/\/lacollette.fr\/wp-content\/uploads\/2020\/11\/Grde-piscine-1-scaled.jpg\" alt=\"\" data-id=\"207\" data-full-url=\"http:\/\/lacollette.fr\/wp-content\/uploads\/2020\/11\/Grde-piscine-1-scaled.jpg\" data-link=\"http:\/\/lacollette.fr\/?attachment_id=207\" class=\"wp-image-207\" srcset=\"https:\/\/lacollette.fr\/wp-content\/uploads\/2020\/11\/Grde-piscine-1-scaled.jpg 2560w, https:\/\/lacollette.fr\/wp-content\/uploads\/2020\/11\/Grde-piscine-1-300x225.jpg 300w, https:\/\/lacollette.fr\/wp-content\/uploads\/2020\/11\/Grde-piscine-1-1024x768.jpg 1024w, https:\/\/lacollette.fr\/wp-content\/uploads\/2020\/11\/Grde-piscine-1-768x576.jpg 768w, https:\/\/lacollette.fr\/wp-content\/uploads\/2020\/11\/Grde-piscine-1-1536x1152.jpg 1536w, https:\/\/lacollette.fr\/wp-content\/uploads\/2020\/11\/Grde-piscine-1-2048x1536.jpg 2048w, https:\/\/lacollette.fr\/wp-content\/uploads\/2020\/11\/Grde-piscine-1-892x669.jpg 892w\" sizes=\"(max-width: 2560px) 100vw, 2560px\" \/><figcaption class=\"blocks-gallery-item__caption\">Piscine<\/figcaption><\/figure><\/li><li class=\"blocks-gallery-item\"><figure><img loading=\"lazy\" width=\"1920\" height=\"2560\" src=\"http:\/\/lacollette.fr\/wp-content\/uploads\/2020\/11\/IMG_6178-scaled.jpeg\" alt=\"\" data-id=\"194\" data-full-url=\"http:\/\/lacollette.fr\/wp-content\/uploads\/2020\/11\/IMG_6178-scaled.jpeg\" data-link=\"http:\/\/lacollette.fr\/?attachment_id=194\" class=\"wp-image-194\" srcset=\"https:\/\/lacollette.fr\/wp-content\/uploads\/2020\/11\/IMG_6178-scaled.jpeg 1920w, https:\/\/lacollette.fr\/wp-content\/uploads\/2020\/11\/IMG_6178-225x300.jpeg 225w, https:\/\/lacollette.fr\/wp-content\/uploads\/2020\/11\/IMG_6178-768x1024.jpeg 768w, https:\/\/lacollette.fr\/wp-content\/uploads\/2020\/11\/IMG_6178-1152x1536.jpeg 1152w, https:\/\/lacollette.fr\/wp-content\/uploads\/2020\/11\/IMG_6178-1536x2048.jpeg 1536w, https:\/\/lacollette.fr\/wp-content\/uploads\/2020\/11\/IMG_6178-892x1189.jpeg 892w\" sizes=\"(max-width: 1920px) 100vw, 1920px\" \/><figcaption class=\"blocks-gallery-item__caption\">Piscine<\/figcaption><\/figure><\/li><li class=\"blocks-gallery-item\"><figure><img loading=\"lazy\" width=\"1920\" height=\"2560\" src=\"http:\/\/lacollette.fr\/wp-content\/uploads\/2020\/11\/IMG_4215-scaled.jpeg\" alt=\"\" data-id=\"192\" data-full-url=\"http:\/\/lacollette.fr\/wp-content\/uploads\/2020\/11\/IMG_4215-scaled.jpeg\" data-link=\"http:\/\/lacollette.fr\/?attachment_id=192\" class=\"wp-image-192\" srcset=\"https:\/\/lacollette.fr\/wp-content\/uploads\/2020\/11\/IMG_4215-scaled.jpeg 1920w, https:\/\/lacollette.fr\/wp-content\/uploads\/2020\/11\/IMG_4215-225x300.jpeg 225w, https:\/\/lacollette.fr\/wp-content\/uploads\/2020\/11\/IMG_4215-768x1024.jpeg 768w, https:\/\/lacollette.fr\/wp-content\/uploads\/2020\/11\/IMG_4215-1152x1536.jpeg 1152w, https:\/\/lacollette.fr\/wp-content\/uploads\/2020\/11\/IMG_4215-1536x2048.jpeg 1536w, https:\/\/lacollette.fr\/wp-content\/uploads\/2020\/11\/IMG_4215-892x1189.jpeg 892w\" sizes=\"(max-width: 1920px) 100vw, 1920px\" \/><\/figure><\/li><li class=\"blocks-gallery-item\"><figure><img loading=\"lazy\" width=\"2560\" height=\"1920\" src=\"http:\/\/lacollette.fr\/wp-content\/uploads\/2020\/11\/Exterieur-scaled.jpg\" alt=\"\" data-id=\"197\" data-full-url=\"http:\/\/lacollette.fr\/wp-content\/uploads\/2020\/11\/Exterieur-scaled.jpg\" data-link=\"http:\/\/lacollette.fr\/?attachment_id=197\" class=\"wp-image-197\" srcset=\"https:\/\/lacollette.fr\/wp-content\/uploads\/2020\/11\/Exterieur-scaled.jpg 2560w, https:\/\/lacollette.fr\/wp-content\/uploads\/2020\/11\/Exterieur-300x225.jpg 300w, https:\/\/lacollette.fr\/wp-content\/uploads\/2020\/11\/Exterieur-1024x768.jpg 1024w, https:\/\/lacollette.fr\/wp-content\/uploads\/2020\/11\/Exterieur-768x576.jpg 768w, https:\/\/lacollette.fr\/wp-content\/uploads\/2020\/11\/Exterieur-1536x1152.jpg 1536w, https:\/\/lacollette.fr\/wp-content\/uploads\/2020\/11\/Exterieur-2048x1536.jpg 2048w, https:\/\/lacollette.fr\/wp-content\/uploads\/2020\/11\/Exterieur-892x669.jpg 892w\" sizes=\"(max-width: 2560px) 100vw, 2560px\" \/><figcaption class=\"blocks-gallery-item__caption\">Ext\u00e9rieur<\/figcaption><\/figure><\/li><li class=\"blocks-gallery-item\"><figure><img loading=\"lazy\" width=\"2560\" height=\"1920\" src=\"http:\/\/lacollette.fr\/wp-content\/uploads\/2020\/11\/Petanque-scaled.jpg\" alt=\"\" data-id=\"200\" data-full-url=\"http:\/\/lacollette.fr\/wp-content\/uploads\/2020\/11\/Petanque-scaled.jpg\" data-link=\"http:\/\/lacollette.fr\/?attachment_id=200\" class=\"wp-image-200\" srcset=\"https:\/\/lacollette.fr\/wp-content\/uploads\/2020\/11\/Petanque-scaled.jpg 2560w, https:\/\/lacollette.fr\/wp-content\/uploads\/2020\/11\/Petanque-300x225.jpg 300w, https:\/\/lacollette.fr\/wp-content\/uploads\/2020\/11\/Petanque-1024x768.jpg 1024w, https:\/\/lacollette.fr\/wp-content\/uploads\/2020\/11\/Petanque-768x576.jpg 768w, https:\/\/lacollette.fr\/wp-content\/uploads\/2020\/11\/Petanque-1536x1152.jpg 1536w, https:\/\/lacollette.fr\/wp-content\/uploads\/2020\/11\/Petanque-2048x1536.jpg 2048w, https:\/\/lacollette.fr\/wp-content\/uploads\/2020\/11\/Petanque-892x669.jpg 892w\" sizes=\"(max-width: 2560px) 100vw, 2560px\" \/><figcaption class=\"blocks-gallery-item__caption\">Terrain de p\u00e9tanque<\/figcaption><\/figure><\/li><li class=\"blocks-gallery-item\"><figure><img loading=\"lazy\" width=\"2560\" height=\"1920\" src=\"http:\/\/lacollette.fr\/wp-content\/uploads\/2020\/11\/Petite-piscine-4-scaled.jpg\" alt=\"\" data-id=\"212\" data-full-url=\"http:\/\/lacollette.fr\/wp-content\/uploads\/2020\/11\/Petite-piscine-4-scaled.jpg\" data-link=\"http:\/\/lacollette.fr\/?attachment_id=212\" class=\"wp-image-212\" srcset=\"https:\/\/lacollette.fr\/wp-content\/uploads\/2020\/11\/Petite-piscine-4-scaled.jpg 2560w, https:\/\/lacollette.fr\/wp-content\/uploads\/2020\/11\/Petite-piscine-4-300x225.jpg 300w, https:\/\/lacollette.fr\/wp-content\/uploads\/2020\/11\/Petite-piscine-4-1024x768.jpg 1024w, https:\/\/lacollette.fr\/wp-content\/uploads\/2020\/11\/Petite-piscine-4-768x576.jpg 768w, https:\/\/lacollette.fr\/wp-content\/uploads\/2020\/11\/Petite-piscine-4-1536x1152.jpg 1536w, https:\/\/lacollette.fr\/wp-content\/uploads\/2020\/11\/Petite-piscine-4-2048x1536.jpg 2048w, https:\/\/lacollette.fr\/wp-content\/uploads\/2020\/11\/Petite-piscine-4-892x669.jpg 892w\" sizes=\"(max-width: 2560px) 100vw, 2560px\" \/><figcaption class=\"blocks-gallery-item__caption\">Bassin<\/figcaption><\/figure><\/li><li class=\"blocks-gallery-item\"><figure><img loading=\"lazy\" width=\"2560\" height=\"1920\" src=\"http:\/\/lacollette.fr\/wp-content\/uploads\/2020\/11\/Petite-piscine-nuit-scaled.jpg\" alt=\"\" data-id=\"214\" data-full-url=\"http:\/\/lacollette.fr\/wp-content\/uploads\/2020\/11\/Petite-piscine-nuit-scaled.jpg\" data-link=\"http:\/\/lacollette.fr\/?attachment_id=214\" class=\"wp-image-214\" srcset=\"https:\/\/lacollette.fr\/wp-content\/uploads\/2020\/11\/Petite-piscine-nuit-scaled.jpg 2560w, https:\/\/lacollette.fr\/wp-content\/uploads\/2020\/11\/Petite-piscine-nuit-300x225.jpg 300w, https:\/\/lacollette.fr\/wp-content\/uploads\/2020\/11\/Petite-piscine-nuit-1024x768.jpg 1024w, https:\/\/lacollette.fr\/wp-content\/uploads\/2020\/11\/Petite-piscine-nuit-768x576.jpg 768w, https:\/\/lacollette.fr\/wp-content\/uploads\/2020\/11\/Petite-piscine-nuit-1536x1152.jpg 1536w, https:\/\/lacollette.fr\/wp-content\/uploads\/2020\/11\/Petite-piscine-nuit-2048x1536.jpg 2048w, https:\/\/lacollette.fr\/wp-content\/uploads\/2020\/11\/Petite-piscine-nuit-892x669.jpg 892w\" sizes=\"(max-width: 2560px) 100vw, 2560px\" \/><figcaption class=\"blocks-gallery-item__caption\">Bassin de nuit<\/figcaption><\/figure><\/li><\/ul><\/figure>\n\n\n\n<p><\/p>\n","protected":false},"excerpt":{"rendered":"<p>La propri\u00e9t\u00e9 d\u2019une surface de l\u2019ordre de 8&nbsp;000 m\u00b2 offre de grands espaces pour se promener. Elle est enti\u00e8rement paysag\u00e9e, plus de 50 oliviers am\u00e8nent la touche Provence&nbsp;! Elle comporte une piscine principale chauff\u00e9e de 12,5&#215;4 m, id\u00e9ale pour nager, avec son pool-house \u00e9quip\u00e9 et un bassin plus petit de 4&#215;4 m, chauff\u00e9 lui aussi. [&hellip;]<\/p>\n","protected":false},"author":1,"featured_media":0,"parent":0,"menu_order":0,"comment_status":"closed","ping_status":"closed","template":"","meta":[],"_links":{"self":[{"href":"https:\/\/lacollette.fr\/index.php?rest_route=\/wp\/v2\/pages\/170"}],"collection":[{"href":"https:\/\/lacollette.fr\/index.php?rest_route=\/wp\/v2\/pages"}],"about":[{"href":"https:\/\/lacollette.fr\/index.php?rest_route=\/wp\/v2\/types\/page"}],"author":[{"embeddable":true,"href":"https:\/\/lacollette.fr\/index.php?rest_route=\/wp\/v2\/users\/1"}],"replies":[{"embeddable":true,"href":"https:\/\/lacollette.fr\/index.php?rest_route=%2Fwp%2Fv2%2Fcomments&post=170"}],"version-history":[{"count":4,"href":"https:\/\/lacollette.fr\/index.php?rest_route=\/wp\/v2\/pages\/170\/revisions"}],"predecessor-version":[{"id":251,"href":"https:\/\/lacollette.fr\/index.php?rest_route=\/wp\/v2\/pages\/170\/revisions\/251"}],"wp:attachment":[{"href":"https:\/\/lacollette.fr\/index.php?rest_route=%2Fwp%2Fv2%2Fmedia&parent=170"}],"curies":[{"name":"wp","href":"https:\/\/api.w.org\/{rel}","templated":true}]}}