{"id":122,"date":"2020-11-18T15:21:14","date_gmt":"2020-11-18T14:21:14","guid":{"rendered":"http:\/\/lacollette.fr\/?page_id=122"},"modified":"2022-10-27T18:40:20","modified_gmt":"2022-10-27T16:40:20","slug":"golfs","status":"publish","type":"page","link":"https:\/\/lacollette.fr\/?page_id=122","title":{"rendered":"Golfs"},"content":{"rendered":"\n<p>Pour les amateurs de golfs, \u00e0 moins d&rsquo;une heure de la maison, nous avons recens\u00e9 plus de 20 parcours, tous diff\u00e9rents tant par leur paysage vari\u00e9 que par leurs difficult\u00e9s. Les plus proches sont ou prestigieux :<\/p>\n\n\n\n<div class=\"wp-block-media-text alignwide is-stacked-on-mobile is-vertically-aligned-top\"><figure class=\"wp-block-media-text__media\"><img loading=\"lazy\" width=\"1024\" height=\"684\" src=\"http:\/\/lacollette.fr\/wp-content\/uploads\/2020\/11\/TBC-11-long-1024x684.jpg\" alt=\"\" class=\"wp-image-137 size-full\" srcset=\"https:\/\/lacollette.fr\/wp-content\/uploads\/2020\/11\/TBC-11-long-1024x684.jpg 1024w, https:\/\/lacollette.fr\/wp-content\/uploads\/2020\/11\/TBC-11-long-300x200.jpg 300w, https:\/\/lacollette.fr\/wp-content\/uploads\/2020\/11\/TBC-11-long-768x513.jpg 768w, https:\/\/lacollette.fr\/wp-content\/uploads\/2020\/11\/TBC-11-long-1536x1025.jpg 1536w, https:\/\/lacollette.fr\/wp-content\/uploads\/2020\/11\/TBC-11-long-892x595.jpg 892w, https:\/\/lacollette.fr\/wp-content\/uploads\/2020\/11\/TBC-11-long-150x100.jpg 150w, https:\/\/lacollette.fr\/wp-content\/uploads\/2020\/11\/TBC-11-long.jpg 1600w\" sizes=\"(max-width: 1024px) 100vw, 1024px\" \/><\/figure><div class=\"wp-block-media-text__content\">\n<ul><li><em><strong>Terre-Blanche<\/strong><\/em>, Fayence \u00e0 8 km ;<\/li><li><em><strong>Domaines de St-Endr\u00e9ol<\/strong><\/em>, La Motte \u00e0 25 km ;<\/li><li><strong><em>Domaine de Barbossi<\/em>,<\/strong> Mandelieu la Napoule \u00e0 35 km  <\/li><li><em><strong>Golf de Roquebrune<\/strong>,<\/em> Roquebrune\/Argens \u00e0 33 km ;<\/li><li><em><strong>Golf de Taulane<\/strong><\/em>, La Martre \u00e0 37 km ;<\/li><li>Etc&#8230;<\/li><\/ul>\n\n\n\n<p><\/p>\n<\/div><\/div>\n\n\n\n<p><\/p>\n","protected":false},"excerpt":{"rendered":"<p>Pour les amateurs de golfs, \u00e0 moins d&rsquo;une heure de la maison, nous avons recens\u00e9 plus de 20 parcours, tous diff\u00e9rents tant par leur paysage vari\u00e9 que par leurs difficult\u00e9s. Les plus proches sont ou prestigieux : Terre-Blanche, Fayence \u00e0 8 km ; Domaines de St-Endr\u00e9ol, La Motte \u00e0 25 km ; Domaine de Barbossi, [&hellip;]<\/p>\n","protected":false},"author":1,"featured_media":0,"parent":0,"menu_order":0,"comment_status":"closed","ping_status":"closed","template":"","meta":[],"_links":{"self":[{"href":"https:\/\/lacollette.fr\/index.php?rest_route=\/wp\/v2\/pages\/122"}],"collection":[{"href":"https:\/\/lacollette.fr\/index.php?rest_route=\/wp\/v2\/pages"}],"about":[{"href":"https:\/\/lacollette.fr\/index.php?rest_route=\/wp\/v2\/types\/page"}],"author":[{"embeddable":true,"href":"https:\/\/lacollette.fr\/index.php?rest_route=\/wp\/v2\/users\/1"}],"replies":[{"embeddable":true,"href":"https:\/\/lacollette.fr\/index.php?rest_route=%2Fwp%2Fv2%2Fcomments&post=122"}],"version-history":[{"count":4,"href":"https:\/\/lacollette.fr\/index.php?rest_route=\/wp\/v2\/pages\/122\/revisions"}],"predecessor-version":[{"id":261,"href":"https:\/\/lacollette.fr\/index.php?rest_route=\/wp\/v2\/pages\/122\/revisions\/261"}],"wp:attachment":[{"href":"https:\/\/lacollette.fr\/index.php?rest_route=%2Fwp%2Fv2%2Fmedia&parent=122"}],"curies":[{"name":"wp","href":"https:\/\/api.w.org\/{rel}","templated":true}]}}